{"id":279221,"date":"2022-08-22T17:42:17","date_gmt":"2022-08-22T15:42:17","guid":{"rendered":"https:\/\/www.juegdschlass.eu\/our-menu\/"},"modified":"2025-12-17T16:31:17","modified_gmt":"2025-12-17T15:31:17","slug":"our-menu","status":"publish","type":"page","link":"https:\/\/www.juegdschlass.eu\/en\/our-menu\/","title":{"rendered":"Our Menu"},"content":{"rendered":"<p>[et_pb_section fb_built=&#8221;1&#8243; next_background_color=&#8221;#ffffff&#8221; _builder_version=&#8221;4.16&#8243; use_background_color_gradient=&#8221;on&#8221; background_color_gradient_stops=&#8221;rgba(0,0,0,0) 0%|rgba(0,0,0,0.66) 100%&#8221; background_color_gradient_overlays_image=&#8221;on&#8221; background_color_gradient_start=&#8221;rgba(0,0,0,0)&#8221; background_color_gradient_end=&#8221;rgba(0,0,0,0.66)&#8221; background_image=&#8221;https:\/\/www.juegdschlass.eu\/wp-content\/uploads\/2022\/08\/kaart_header.jpg&#8221; bottom_divider_style=&#8221;arrow3&#8243; bottom_divider_height=&#8221;13px&#8221; bottom_divider_repeat=&#8221;15x&#8221; bottom_divider_repeat_tablet=&#8221;6x&#8221; bottom_divider_repeat_phone=&#8221;5x&#8221; bottom_divider_repeat_last_edited=&#8221;on|phone&#8221; global_colors_info=&#8221;{}&#8221;][et_pb_row _builder_version=&#8221;4.16&#8243; global_colors_info=&#8221;{}&#8221;][et_pb_column type=&#8221;4_4&#8243; _builder_version=&#8221;4.16&#8243; custom_padding=&#8221;|||&#8221; global_colors_info=&#8221;{}&#8221; custom_padding__hover=&#8221;|||&#8221;][et_pb_image src=&#8221;https:\/\/www.juegdschlass.eu\/wp-content\/uploads\/2022\/08\/logo_js_header.png&#8221; title_text=&#8221;logo_js_header&#8221; align=&#8221;center&#8221; align_tablet=&#8221;center&#8221; align_phone=&#8221;&#8221; align_last_edited=&#8221;on|desktop&#8221; _builder_version=&#8221;4.16&#8243; max_width=&#8221;30%&#8221; max_width_tablet=&#8221;45%&#8221; max_width_phone=&#8221;75%&#8221; max_width_last_edited=&#8221;on|phone&#8221; global_colors_info=&#8221;{}&#8221;][\/et_pb_image][et_pb_text _builder_version=&#8221;4.27.5&#8243; text_font=&#8221;||||||||&#8221; header_font=&#8221;|||on|||||&#8221; header_text_align=&#8221;center&#8221; background_layout=&#8221;dark&#8221; hover_enabled=&#8221;0&#8243; global_colors_info=&#8221;{}&#8221; sticky_enabled=&#8221;0&#8243;]<\/p>\n<h1 style=\"text-align: center;\">Our Menu<\/h1>\n<p>[\/et_pb_text][\/et_pb_column][\/et_pb_row][\/et_pb_section][et_pb_section fb_built=&#8221;1&#8243; _builder_version=&#8221;4.16&#8243; custom_padding=&#8221;||0px&#8221; global_colors_info=&#8221;{}&#8221;][et_pb_row _builder_version=&#8221;4.16&#8243; global_colors_info=&#8221;{}&#8221;][et_pb_column type=&#8221;4_4&#8243; _builder_version=&#8221;4.16&#8243; custom_padding=&#8221;|||&#8221; global_colors_info=&#8221;{}&#8221; custom_padding__hover=&#8221;|||&#8221;][et_pb_image src=&#8221;https:\/\/www.juegdschlass.eu\/wp-content\/uploads\/2022\/10\/winter_icon.jpg&#8221; title_text=&#8221;winter_icon&#8221; align=&#8221;center&#8221; align_tablet=&#8221;center&#8221; align_phone=&#8221;&#8221; align_last_edited=&#8221;on|desktop&#8221; _builder_version=&#8221;4.27.5&#8243; max_width=&#8221;22%&#8221; max_width_tablet=&#8221;33%&#8221; max_width_phone=&#8221;49%&#8221; max_width_last_edited=&#8221;on|phone&#8221; filter_opacity=&#8221;47%&#8221; hover_enabled=&#8221;0&#8243; global_colors_info=&#8221;{}&#8221; filter_opacity__hover_enabled=&#8221;on&#8221; filter_opacity__hover=&#8221;100%&#8221; sticky_enabled=&#8221;0&#8243; module_alignment=&#8221;center&#8221;][\/et_pb_image][et_pb_text _builder_version=&#8221;4.27.5&#8243; header_font=&#8221;||||||||&#8221; header_2_font=&#8221;|||on|||||&#8221; header_2_text_align=&#8221;center&#8221; global_colors_info=&#8221;{}&#8221;]<\/p>\n<h2>Our Autumn- and winter menu<\/h2>\n<p>[\/et_pb_text][\/et_pb_column][\/et_pb_row][\/et_pb_section][et_pb_section fb_built=&#8221;1&#8243; _builder_version=&#8221;4.16&#8243; global_colors_info=&#8221;{}&#8221;][et_pb_row disabled_on=&#8221;off|off|off&#8221; _builder_version=&#8221;4.16&#8243; global_colors_info=&#8221;{}&#8221;][et_pb_column type=&#8221;4_4&#8243; _builder_version=&#8221;4.16&#8243; custom_padding=&#8221;|||&#8221; global_colors_info=&#8221;{}&#8221; custom_padding__hover=&#8221;|||&#8221;][et_pb_text disabled_on=&#8221;on|on|on&#8221; _builder_version=&#8221;4.27.4&#8243; text_font=&#8221;||||||||&#8221; text_font_size=&#8221;18px&#8221; text_font_size_tablet=&#8221;16px&#8221; text_font_size_phone=&#8221;15px&#8221; text_font_size_last_edited=&#8221;on|phone&#8221; custom_css_main_element=&#8221;border: none !important;&#8221; disabled=&#8221;on&#8221; global_colors_info=&#8221;{}&#8221;]<\/p>\n<table>\n<tbody>\n<tr>\n<td><strong>Jambon Melon<\/strong><\/td>\n<td>\u20ac 25,50<\/td>\n<\/tr>\n<tr>\n<td><strong>Tomate et Avocado Crevettes Roses<\/strong><\/td>\n<td>\u20ac 25,50<\/td>\n<\/tr>\n<tr>\n<td><strong>Tomate et Avocado Crevettes Roses et Grises<\/strong><\/td>\n<td>\u20ac 29,50<\/td>\n<\/tr>\n<tr>\n<td><strong>Tomate et Avocado Crevettes Grises<\/strong><\/td>\n<td>Prix du jour<\/td>\n<\/tr>\n<tr>\n<td><strong>Salade Scampis et Rougets<\/strong><\/td>\n<td>\u20ac 27,50<\/td>\n<\/tr>\n<tr>\n<td><strong>Assiette Neptune (Truite Fum\u00e9e, Saumon, Crevettes)<\/strong><\/td>\n<td>\u20ac 28,50<\/td>\n<\/tr>\n<tr>\n<td><strong>Feierstengszalot (Pommes Saut\u00e9es)<\/strong><\/td>\n<td>\u20ac 18,50<\/td>\n<\/tr>\n<tr>\n<td><strong>Rognon de Veau \u00e0 l\u2019Ancienne, Pur\u00e9e<\/strong><\/td>\n<td>\u20ac 23,50<\/td>\n<\/tr>\n<tr>\n<td><strong>Judd matt Gaardebounen, Pommes au Lard<\/strong><\/td>\n<td>\u20ac 19,50<\/td>\n<\/tr>\n<tr>\n<td><strong>Weinzossissen, Pur\u00e9e, Sauce Moutarde<\/strong><\/td>\n<td>\u20ac 18,50<\/td>\n<\/tr>\n<tr>\n<td><strong>Po\u00eal\u00e9e de St Jacques, L\u00e9gumes et Pur\u00e9e<\/strong><\/td>\n<td>Prix du jour<\/td>\n<\/tr>\n<tr>\n<td><strong>Harengs Marin\u00e9s, Pommes Natures<\/strong><\/td>\n<td>\u20ac 16,00<\/td>\n<\/tr>\n<\/tbody>\n<\/table>\n<p>[\/et_pb_text][et_pb_text disabled_on=&#8221;off|off|off&#8221; _builder_version=&#8221;4.27.4&#8243; text_font=&#8221;||||||||&#8221; text_font_size=&#8221;18px&#8221; text_font_size_tablet=&#8221;16px&#8221; text_font_size_phone=&#8221;15px&#8221; text_font_size_last_edited=&#8221;on|phone&#8221; custom_css_main_element=&#8221;border: none !important;&#8221; global_colors_info=&#8221;{}&#8221;]<\/p>\n<table>\n<tbody>\n<tr>\n<td style=\"width: 471px;\"><strong>Harengs marin\u00e9s, pommes natures<\/strong><\/td>\n<td style=\"width: 61px;\">\u20ac 18,50<\/td>\n<\/tr>\n<tr>\n<td style=\"width: 471px;\"><strong>Boudin Noir avec compote et pur\u00e9e maison<\/strong><\/td>\n<td style=\"width: 61px;\">\u20ac 19,50<\/td>\n<\/tr>\n<tr>\n<td style=\"width: 471px;\"><strong>Chicons au gratin, pur\u00e9e maison<\/strong><\/td>\n<td style=\"width: 61px;\">\u20ac 18,50<\/td>\n<\/tr>\n<tr>\n<td style=\"width: 471px;\"><strong>Judd mat Gaardebounen<\/strong>, <strong>pommes au lard<\/strong><\/td>\n<td style=\"width: 61px;\">\u20ac 19,50<\/td>\n<\/tr>\n<tr>\n<td style=\"width: 471px;\"><strong>Choucroute garnie<\/strong><\/td>\n<td style=\"width: 61px;\">\u20ac 25,50<\/td>\n<\/tr>\n<tr>\n<td style=\"width: 471px;\"><strong>Foie Gras Maison accompagn\u00e9 de son verre de vin<\/strong><br \/>\nservi en entr\u00e9e ou en palt principal &#8211; selon arrivage<\/td>\n<p><\/p>\n<td style=\"width: 61px;\">Prix du jour<\/td>\n<\/tr>\n<tr>\n<td style=\"width: 471px;\"><strong>Wainzossissen avec pur\u00e9e, sauce moutarde<\/strong><\/td>\n<td style=\"width: 61px;\">\u20ac 19,00<\/td>\n<\/tr>\n<tr>\n<td style=\"width: 471px;\"><strong>Feierstengszalot, pommes saut\u00e9es<\/strong><\/td>\n<td style=\"width: 61px;\">\u20ac 17,50<\/td>\n<\/tr>\n<tr>\n<td style=\"width: 471px;\"><strong>Po\u00eal\u00e9e de Saint-Jacques, pur\u00e9e et l\u00e9gumes<\/strong><\/td>\n<td style=\"width: 61px;\">Prix du jour<\/td>\n<\/tr>\n<tr>\n<td style=\"width: 471px;\"><strong>Rognon de Veau, moutarde \u00e0 l&#8217;ancienne<\/strong><\/td>\n<td style=\"width: 61px;\">\u20ac 25,50<\/td>\n<\/tr>\n<\/tbody>\n<\/table>\n<p>[\/et_pb_text][et_pb_text disabled_on=&#8221;off|off|off&#8221; _builder_version=&#8221;4.27.0&#8243; text_orientation=&#8221;center&#8221; custom_padding=&#8221;||40px||false|false&#8221; global_colors_info=&#8221;{}&#8221;]<\/p>\n<h5><strong>Fresh venison (according to availability)<\/strong><\/h5>\n<p>Ask your waiter for more information.<\/p>\n<p>[\/et_pb_text][\/et_pb_column][\/et_pb_row][et_pb_row _builder_version=&#8221;4.16&#8243; global_colors_info=&#8221;{}&#8221;][et_pb_column type=&#8221;4_4&#8243; _builder_version=&#8221;4.16&#8243; custom_padding=&#8221;|||&#8221; global_colors_info=&#8221;{}&#8221; custom_padding__hover=&#8221;|||&#8221;][et_pb_text _builder_version=&#8221;4.27.5&#8243; header_font=&#8221;|||on|||||&#8221; header_2_font=&#8221;|||on|||||&#8221; header_2_text_align=&#8221;center&#8221; global_colors_info=&#8221;{}&#8221;]<\/p>\n<h2>Our Menu<\/h2>\n<p>[\/et_pb_text][et_pb_accordion _builder_version=&#8221;4.27.4&#8243; global_colors_info=&#8221;{}&#8221;][et_pb_accordion_item title=&#8221;first_tab&#8221; open=&#8221;on&#8221; _builder_version=&#8221;4.17.4&#8243; custom_css_main_element=&#8221;display:none;&#8221; global_colors_info=&#8221;{}&#8221;][\/et_pb_accordion_item][et_pb_accordion_item title=&#8221;Vegetarian dishes&#8221; _builder_version=&#8221;4.27.4&#8243; global_colors_info=&#8221;{}&#8221; open=&#8221;off&#8221;]<\/p>\n<table>\n<tbody>\n<tr>\n<td><strong>Quiche aux l\u00e9gumes faite maison<\/strong><\/td>\n<td>\u20ac 16,50<\/td>\n<\/tr>\n<tr>\n<td><strong>Tagliatelles aux l\u00e9gumes et champignons frais<\/strong><\/td>\n<td>\u20ac 17,50<\/td>\n<\/tr>\n<\/tbody>\n<\/table>\n<p>[\/et_pb_accordion_item][et_pb_accordion_item title=&#8221;Childrens menu&#8221; _builder_version=&#8221;4.27.4&#8243; global_colors_info=&#8221;{}&#8221; open=&#8221;off&#8221;]<\/p>\n<table>\n<tbody>\n<tr>\n<td>\n<p class=\"p1\"><strong>Bouch\u00e9e \u00e0 la Reine enfants, frites<\/strong><\/p>\n<\/td>\n<td>\u20ac 12,50<\/td>\n<\/tr>\n<tr>\n<td><strong>Fish sticks, ketchup et\/ou mayonnaise, frites<\/strong><\/td>\n<td>\u20ac 11,50<\/td>\n<\/tr>\n<tr>\n<td><strong>Cordon Bleu de Poulet pan\u00e9, frites<\/strong><\/td>\n<td>\u20ac 12,50<\/td>\n<\/tr>\n<\/tbody>\n<\/table>\n<p>[\/et_pb_accordion_item][et_pb_accordion_item title=&#8221;Starters&#8221; _builder_version=&#8221;4.27.4&#8243; text_orientation=&#8221;left&#8221; global_colors_info=&#8221;{}&#8221; open=&#8221;off&#8221;]<\/p>\n<table>\n<tbody>\n<tr>\n<td>\n<p class=\"p1\"><strong>Potage du jour<\/strong><\/p>\n<\/td>\n<td>\u20ac 5,00<\/td>\n<\/tr>\n<tr>\n<td><strong>Cocktail crevettes roses<\/strong><\/td>\n<td>\u20ac 14,00<\/td>\n<\/tr>\n<tr>\n<td><strong>Cocktail crevettes grises<\/strong><\/td>\n<td>Prix du jour<\/td>\n<\/tr>\n<tr>\n<td><strong>Saumon fum\u00e9 (3 tranches)<\/strong><\/td>\n<td>\u20ac 14,50<\/td>\n<\/tr>\n<tr>\n<td><strong>Escargots de Bourgogne (\u00bd douzaine)<\/strong><\/td>\n<td>\u20ac 12,50<\/td>\n<\/tr>\n<tr>\n<td><strong>Sampis \u00e0 l&#8217;ail (\u00bd douzaine)<\/strong><\/td>\n<td>\u20ac 16,50<\/td>\n<\/tr>\n<\/tbody>\n<\/table>\n<p>[\/et_pb_accordion_item][et_pb_accordion_item title=&#8221;Fish&#8221; _builder_version=&#8221;4.27.4&#8243; text_orientation=&#8221;left&#8221; global_colors_info=&#8221;{}&#8221; open=&#8221;off&#8221;]<\/p>\n<p>&nbsp;<\/p>\n<table>\n<tbody>\n<tr>\n<td>\n<p class=\"p1\"><strong>Tagliatelle aux scampis et petits l\u00e9gumes<\/strong><\/p>\n<\/td>\n<td>\u20ac 27,50<\/td>\n<\/tr>\n<tr>\n<td><strong>Cassolette du p\u00eacheur, sauce nantua et riz<\/strong><br \/>\nPoissons selon arrivage<\/td>\n<p><\/p>\n<td>\u20ac 29,50<\/td>\n<\/tr>\n<tr>\n<td><strong>Cabillaud avec son coulis de tomates, pommes nature<\/strong><\/td>\n<td>\u20ac 29,50<\/td>\n<\/tr>\n<tr>\n<td><strong>Scampis \u00e0 l&#8217;ail (la douzaine) et riz<\/strong><\/td>\n<td>\u20ac 27,50<\/td>\n<\/tr>\n<tr>\n<td><strong>Escalope de saumon au beurre (olive et basilic frais) et p\u00e2tes<\/strong><\/td>\n<td>\u20ac 26,50<\/td>\n<\/tr>\n<tr>\n<td><strong>Brochettes de Scampis avec riz et l\u00e9gumes<\/strong><\/td>\n<td>\u20ac 24,50<\/td>\n<\/tr>\n<\/tbody>\n<\/table>\n<p>[\/et_pb_accordion_item][et_pb_accordion_item title=&#8221;Specials&#8221; _builder_version=&#8221;4.27.4&#8243; text_orientation=&#8221;left&#8221; global_colors_info=&#8221;{}&#8221; open=&#8221;off&#8221;]<\/p>\n<table>\n<tbody>\n<tr>\n<td>\n<p class=\"p1\"><strong>Entrec\u00f4te, frites et l\u00e9gumes<\/strong><\/p>\n<\/td>\n<td>\u20ac 32,50<\/td>\n<\/tr>\n<tr>\n<td><strong>&#8211; Beurre ma\u00eetre d&#8217;h\u00f4tel<\/strong><\/td>\n<td>\u20ac 32,50<\/td>\n<\/tr>\n<tr>\n<td><strong>&#8211; Sauce poivre vert<\/strong><\/td>\n<td>\u20ac 32,50<\/td>\n<\/tr>\n<tr>\n<td><strong>Filet de Boeuf Juegdschlass, frites et l\u00e9gumes<\/strong><\/td>\n<td>\u20ac 40,50<\/td>\n<\/tr>\n<tr>\n<td><strong>Filet de Cheval, sauce proven\u00e7ale, frites et l\u00e9gumes<\/strong><\/td>\n<td>\u20ac 40,50<\/td>\n<\/tr>\n<tr>\n<td><strong>Carr\u00e9 d&#8217;Agneau (ail, persil, herbes, jus de viande, moutarde), Pommes grenaille maison<\/strong><\/td>\n<td>\u20ac 41,50<\/td>\n<\/tr>\n<tr>\n<td><strong>Cordon Bleu de Veau pan\u00e9, cr\u00e8me champignons, frites, salade<\/strong><\/td>\n<td>\u20ac 28,50<\/td>\n<\/tr>\n<tr>\n<td><strong>C\u00f4te de Veau po\u00eal\u00e9, frites, salade<\/strong><\/td>\n<td>\u20ac 32,50<\/td>\n<\/tr>\n<tr>\n<td><strong>Escalope de Veau grill\u00e9e<\/strong><\/td>\n<td>\u20ac 25,50<\/td>\n<\/tr>\n<tr>\n<td><strong>Escalope de Veau Viennoise, frites, salade<\/strong><\/td>\n<td>\u20ac 27,50<\/td>\n<\/tr>\n<tr>\n<td><strong>Supr\u00eame de Poulet, sauce moutarde \u00e0 l&#8217;ancienne, tagliatelles<\/strong><\/td>\n<td>\u20ac 26,50<\/td>\n<\/tr>\n<tr>\n<td><strong>Magret de Canard au Porto et garnitures<\/strong><\/td>\n<td>\u20ac 27,50<\/td>\n<\/tr>\n<tr>\n<td><strong>Filet Am\u00e9ricain (tartare pr\u00e9par\u00e9 minute), frites, salade<\/strong><\/td>\n<td>\u00bd \u20ac 18,50 \/ \u20ac 26,50<\/td>\n<\/tr>\n<\/tbody>\n<\/table>\n<p>[\/et_pb_accordion_item][et_pb_accordion_item title=&#8221;Light dishes&#8221; _builder_version=&#8221;4.27.4&#8243; text_orientation=&#8221;left&#8221; global_colors_info=&#8221;{}&#8221; open=&#8221;off&#8221;]<\/p>\n<table>\n<tbody>\n<tr>\n<td><strong>Tartine Kachk\u00e9is (concoillotte) fait maison<\/strong><\/td>\n<td>\u00bd \u20ac 7,50 \/ \u20ac 11,50<\/td>\n<\/tr>\n<tr>\n<td>\n<p class=\"p1\"><strong>Jambon cru<\/strong><\/p>\n<\/td>\n<td>\u00bd \u20ac 13,00 \/ \u20ac 19,50<\/td>\n<\/tr>\n<tr>\n<td>\n<p class=\"p1\"><strong>Jambon cuit<\/strong><\/p>\n<\/td>\n<td>\u00bd \u20ac 11,00 \/ \u20ac 18,50<\/td>\n<\/tr>\n<tr>\n<td>\n<p class=\"p1\"><strong>Jambon m\u00e9lang\u00e9 (cru et cuit)<\/strong><\/p>\n<\/td>\n<td>\u00bd \u20ac 13,00 \/ \u20ac 19,50<\/td>\n<\/tr>\n<tr>\n<td>\n<p class=\"p1\"><strong>Saucisse<\/strong><\/p>\n<\/td>\n<td>\u00bd \u20ac 10,50 \/ \u20ac 16,50<\/td>\n<\/tr>\n<tr>\n<td><strong>Croque monsieur<\/strong><\/td>\n<td>\u20ac 12,50<\/td>\n<\/tr>\n<tr>\n<td><strong>Potage du jour (sans suite)<\/strong><\/td>\n<td>\u20ac 8,50<\/td>\n<\/tr>\n<tr>\n<td><strong>Assiette de jambon mixte<\/strong><\/td>\n<td>\u20ac 25,50<\/td>\n<\/tr>\n<tr>\n<td><strong>Rengengelli (gel\u00e9e de porc finement moulue), pommes saut\u00e9es<\/strong><\/td>\n<td>\u20ac 15,50<\/td>\n<\/tr>\n<tr>\n<td><strong>Wirschtercher matt Gromperenzalot<\/strong><\/td>\n<td>\u00bd \u20ac 12,50 \/ \u20ac 17,50<\/td>\n<\/tr>\n<tr>\n<td><strong>Quiche lorraine maison &amp; crudit\u00e9s<\/strong><\/td>\n<td>\u20ac 17,50<\/td>\n<\/tr>\n<tr>\n<td><strong>Toast aux champignons frais &amp; crudit\u00e9s<\/strong><\/td>\n<td>\u00bd \u20ac 12,00 \/ \u20ac 17,50<\/td>\n<\/tr>\n<tr>\n<td><strong>Lasagne Bolognese (faite maison)<\/strong><\/td>\n<td>\u20ac 17,50<\/td>\n<\/tr>\n<tr>\n<td><strong>Bouch\u00e9e \u00e0 la Reine, frites, salade (faite maison)<\/strong><\/td>\n<td>\u20ac 24,50<\/td>\n<\/tr>\n<tr>\n<td><strong>Salade Paysanne<\/strong><br \/>\n(salade, lardons, croutons, oeuf sur plat, pommes saut\u00e9es)<\/td>\n<p><\/p>\n<td>\u20ac 20,50<\/td>\n<\/tr>\n<tr>\n<td><strong>Salade Ni\u00e7oise<\/strong><br \/>\n(salade, haricots verts, pommes de terre, poivrons,<br \/>tomates, thon, anchois, oignions, oeufs)<\/td>\n<p><\/p>\n<td>\u20ac 21,50<\/td>\n<\/tr>\n<tr>\n<td><strong>Salade du Chef<\/strong><br \/>\n(salade, poulet, champignons, raisins, tomates, oeufs durs)<\/td>\n<p><\/p>\n<td>\u20ac 22,50<\/td>\n<\/tr>\n<tr>\n<td><strong>Saumon fum\u00e9 (5\/6 tranches)<\/strong><\/td>\n<td>\u20ac 24,50<\/td>\n<\/tr>\n<tr>\n<td><strong>Salade de Ch\u00e8vre Chaud<\/strong><\/td>\n<td>\u20ac 22,50<\/td>\n<\/tr>\n<\/tbody>\n<\/table>\n<p>[\/et_pb_accordion_item][\/et_pb_accordion][\/et_pb_column][\/et_pb_row][et_pb_row _builder_version=&#8221;4.16&#8243; global_colors_info=&#8221;{}&#8221;][et_pb_column type=&#8221;4_4&#8243; _builder_version=&#8221;4.16&#8243; custom_padding=&#8221;|||&#8221; global_colors_info=&#8221;{}&#8221; custom_padding__hover=&#8221;|||&#8221;][et_pb_text disabled_on=&#8221;off|off|off&#8221; _builder_version=&#8221;4.25.0&#8243; text_orientation=&#8221;center&#8221; custom_padding=&#8221;||40px||false|false&#8221; global_colors_info=&#8221;{}&#8221;]<\/p>\n<h5><strong>Every extra has its cost<\/strong><\/h5>\n<p>Suppl. : Frites, salade, croquettes, etc : \u20ac 5,50 <\/p>\n<p>[\/et_pb_text][\/et_pb_column][\/et_pb_row][et_pb_row _builder_version=&#8221;4.16&#8243; global_colors_info=&#8221;{}&#8221;][et_pb_column type=&#8221;4_4&#8243; _builder_version=&#8221;4.16&#8243; custom_padding=&#8221;|||&#8221; global_colors_info=&#8221;{}&#8221; custom_padding__hover=&#8221;|||&#8221;][et_pb_text disabled_on=&#8221;off|off|off&#8221; _builder_version=&#8221;4.27.4&#8243; text_orientation=&#8221;center&#8221; custom_padding=&#8221;||40px||false|false&#8221; link_option_url=&#8221;https:\/\/www.juegdschlass.eu\/wp-content\/uploads\/2025\/10\/js_carte_boissons_2025.pdf&#8221; link_option_url_new_window=&#8221;on&#8221; global_colors_info=&#8221;{}&#8221;]<\/p>\n<h5>Drinks and Wine list<\/h5>\n<p>[\/et_pb_text][\/et_pb_column][\/et_pb_row][\/et_pb_section]<\/p>\n","protected":false},"excerpt":{"rendered":"<p>Our MenuOur Autumn- and winter menu Jambon Melon \u20ac 25,50 Tomate et Avocado Crevettes Roses \u20ac 25,50 Tomate et Avocado Crevettes Roses et Grises \u20ac 29,50 Tomate et Avocado Crevettes Grises Prix du jour Salade Scampis et Rougets \u20ac 27,50 Assiette Neptune (Truite Fum\u00e9e, Saumon, Crevettes) \u20ac 28,50 Feierstengszalot (Pommes Saut\u00e9es) \u20ac 18,50 Rognon de [&hellip;]<\/p>\n","protected":false},"author":1,"featured_media":0,"parent":0,"menu_order":0,"comment_status":"closed","ping_status":"closed","template":"","meta":{"_acf_changed":false,"_et_pb_use_builder":"on","_et_pb_old_content":"","_et_gb_content_width":"","footnotes":""},"difl_page_category":[],"class_list":["post-279221","page","type-page","status-publish","hentry"],"acf":[],"yoast_head":"<!-- This site is optimized with the Yoast SEO plugin v27.0 - https:\/\/yoast.com\/product\/yoast-seo-wordpress\/ -->\n<title>Our Menu - Caf\u00e9 Restaurant Juegdschlass<\/title>\n<meta name=\"robots\" content=\"index, follow, max-snippet:-1, max-image-preview:large, max-video-preview:-1\" \/>\n<link rel=\"canonical\" href=\"https:\/\/www.juegdschlass.eu\/en\/our-menu\/\" \/>\n<meta property=\"og:locale\" content=\"en_US\" \/>\n<meta property=\"og:type\" content=\"article\" \/>\n<meta property=\"og:title\" content=\"Our Menu - Caf\u00e9 Restaurant Juegdschlass\" \/>\n<meta property=\"og:description\" content=\"Our MenuOur Autumn- and winter menu Jambon Melon \u20ac 25,50 Tomate et Avocado Crevettes Roses \u20ac 25,50 Tomate et Avocado Crevettes Roses et Grises \u20ac 29,50 Tomate et Avocado Crevettes Grises Prix du jour Salade Scampis et Rougets \u20ac 27,50 Assiette Neptune (Truite Fum\u00e9e, Saumon, Crevettes) \u20ac 28,50 Feierstengszalot (Pommes Saut\u00e9es) \u20ac 18,50 Rognon de [&hellip;]\" \/>\n<meta property=\"og:url\" content=\"https:\/\/www.juegdschlass.eu\/en\/our-menu\/\" \/>\n<meta property=\"og:site_name\" content=\"Caf\u00e9 Restaurant Juegdschlass\" \/>\n<meta property=\"article:modified_time\" content=\"2025-12-17T15:31:17+00:00\" \/>\n<meta name=\"twitter:card\" content=\"summary_large_image\" \/>\n<meta name=\"twitter:label1\" content=\"Est. reading time\" \/>\n\t<meta name=\"twitter:data1\" content=\"7 minutes\" \/>\n<script type=\"application\/ld+json\" class=\"yoast-schema-graph\">{\"@context\":\"https:\/\/schema.org\",\"@graph\":[{\"@type\":\"WebPage\",\"@id\":\"https:\/\/www.juegdschlass.eu\/en\/our-menu\/\",\"url\":\"https:\/\/www.juegdschlass.eu\/en\/our-menu\/\",\"name\":\"Our Menu - Caf\u00e9 Restaurant Juegdschlass\",\"isPartOf\":{\"@id\":\"https:\/\/www.juegdschlass.eu\/#website\"},\"datePublished\":\"2022-08-22T15:42:17+00:00\",\"dateModified\":\"2025-12-17T15:31:17+00:00\",\"breadcrumb\":{\"@id\":\"https:\/\/www.juegdschlass.eu\/en\/our-menu\/#breadcrumb\"},\"inLanguage\":\"en-US\",\"potentialAction\":[{\"@type\":\"ReadAction\",\"target\":[\"https:\/\/www.juegdschlass.eu\/en\/our-menu\/\"]}]},{\"@type\":\"BreadcrumbList\",\"@id\":\"https:\/\/www.juegdschlass.eu\/en\/our-menu\/#breadcrumb\",\"itemListElement\":[{\"@type\":\"ListItem\",\"position\":1,\"name\":\"Home\",\"item\":\"https:\/\/www.juegdschlass.eu\/en\/home\/\"},{\"@type\":\"ListItem\",\"position\":2,\"name\":\"Our Menu\"}]},{\"@type\":\"WebSite\",\"@id\":\"https:\/\/www.juegdschlass.eu\/#website\",\"url\":\"https:\/\/www.juegdschlass.eu\/\",\"name\":\"Caf\u00e9 Restaurant Juegdschlass\",\"description\":\"Eemoleg am Bamb\u00ebsch\",\"publisher\":{\"@id\":\"https:\/\/www.juegdschlass.eu\/#organization\"},\"potentialAction\":[{\"@type\":\"SearchAction\",\"target\":{\"@type\":\"EntryPoint\",\"urlTemplate\":\"https:\/\/www.juegdschlass.eu\/?s={search_term_string}\"},\"query-input\":{\"@type\":\"PropertyValueSpecification\",\"valueRequired\":true,\"valueName\":\"search_term_string\"}}],\"inLanguage\":\"en-US\"},{\"@type\":\"Organization\",\"@id\":\"https:\/\/www.juegdschlass.eu\/#organization\",\"name\":\"Caf\u00e9 Restaurant Juegdschlass\",\"url\":\"https:\/\/www.juegdschlass.eu\/\",\"logo\":{\"@type\":\"ImageObject\",\"inLanguage\":\"en-US\",\"@id\":\"https:\/\/www.juegdschlass.eu\/#\/schema\/logo\/image\/\",\"url\":\"https:\/\/www.juegdschlass.eu\/wp-content\/uploads\/2022\/08\/logo_js_header.png\",\"contentUrl\":\"https:\/\/www.juegdschlass.eu\/wp-content\/uploads\/2022\/08\/logo_js_header.png\",\"width\":500,\"height\":539,\"caption\":\"Caf\u00e9 Restaurant Juegdschlass\"},\"image\":{\"@id\":\"https:\/\/www.juegdschlass.eu\/#\/schema\/logo\/image\/\"}}]}<\/script>\n<!-- \/ Yoast SEO plugin. -->","yoast_head_json":{"title":"Our Menu - Caf\u00e9 Restaurant Juegdschlass","robots":{"index":"index","follow":"follow","max-snippet":"max-snippet:-1","max-image-preview":"max-image-preview:large","max-video-preview":"max-video-preview:-1"},"canonical":"https:\/\/www.juegdschlass.eu\/en\/our-menu\/","og_locale":"en_US","og_type":"article","og_title":"Our Menu - Caf\u00e9 Restaurant Juegdschlass","og_description":"Our MenuOur Autumn- and winter menu Jambon Melon \u20ac 25,50 Tomate et Avocado Crevettes Roses \u20ac 25,50 Tomate et Avocado Crevettes Roses et Grises \u20ac 29,50 Tomate et Avocado Crevettes Grises Prix du jour Salade Scampis et Rougets \u20ac 27,50 Assiette Neptune (Truite Fum\u00e9e, Saumon, Crevettes) \u20ac 28,50 Feierstengszalot (Pommes Saut\u00e9es) \u20ac 18,50 Rognon de [&hellip;]","og_url":"https:\/\/www.juegdschlass.eu\/en\/our-menu\/","og_site_name":"Caf\u00e9 Restaurant Juegdschlass","article_modified_time":"2025-12-17T15:31:17+00:00","twitter_card":"summary_large_image","twitter_misc":{"Est. reading time":"7 minutes"},"schema":{"@context":"https:\/\/schema.org","@graph":[{"@type":"WebPage","@id":"https:\/\/www.juegdschlass.eu\/en\/our-menu\/","url":"https:\/\/www.juegdschlass.eu\/en\/our-menu\/","name":"Our Menu - Caf\u00e9 Restaurant Juegdschlass","isPartOf":{"@id":"https:\/\/www.juegdschlass.eu\/#website"},"datePublished":"2022-08-22T15:42:17+00:00","dateModified":"2025-12-17T15:31:17+00:00","breadcrumb":{"@id":"https:\/\/www.juegdschlass.eu\/en\/our-menu\/#breadcrumb"},"inLanguage":"en-US","potentialAction":[{"@type":"ReadAction","target":["https:\/\/www.juegdschlass.eu\/en\/our-menu\/"]}]},{"@type":"BreadcrumbList","@id":"https:\/\/www.juegdschlass.eu\/en\/our-menu\/#breadcrumb","itemListElement":[{"@type":"ListItem","position":1,"name":"Home","item":"https:\/\/www.juegdschlass.eu\/en\/home\/"},{"@type":"ListItem","position":2,"name":"Our Menu"}]},{"@type":"WebSite","@id":"https:\/\/www.juegdschlass.eu\/#website","url":"https:\/\/www.juegdschlass.eu\/","name":"Caf\u00e9 Restaurant Juegdschlass","description":"Eemoleg am Bamb\u00ebsch","publisher":{"@id":"https:\/\/www.juegdschlass.eu\/#organization"},"potentialAction":[{"@type":"SearchAction","target":{"@type":"EntryPoint","urlTemplate":"https:\/\/www.juegdschlass.eu\/?s={search_term_string}"},"query-input":{"@type":"PropertyValueSpecification","valueRequired":true,"valueName":"search_term_string"}}],"inLanguage":"en-US"},{"@type":"Organization","@id":"https:\/\/www.juegdschlass.eu\/#organization","name":"Caf\u00e9 Restaurant Juegdschlass","url":"https:\/\/www.juegdschlass.eu\/","logo":{"@type":"ImageObject","inLanguage":"en-US","@id":"https:\/\/www.juegdschlass.eu\/#\/schema\/logo\/image\/","url":"https:\/\/www.juegdschlass.eu\/wp-content\/uploads\/2022\/08\/logo_js_header.png","contentUrl":"https:\/\/www.juegdschlass.eu\/wp-content\/uploads\/2022\/08\/logo_js_header.png","width":500,"height":539,"caption":"Caf\u00e9 Restaurant Juegdschlass"},"image":{"@id":"https:\/\/www.juegdschlass.eu\/#\/schema\/logo\/image\/"}}]}},"_links":{"self":[{"href":"https:\/\/www.juegdschlass.eu\/en\/wp-json\/wp\/v2\/pages\/279221","targetHints":{"allow":["GET"]}}],"collection":[{"href":"https:\/\/www.juegdschlass.eu\/en\/wp-json\/wp\/v2\/pages"}],"about":[{"href":"https:\/\/www.juegdschlass.eu\/en\/wp-json\/wp\/v2\/types\/page"}],"author":[{"embeddable":true,"href":"https:\/\/www.juegdschlass.eu\/en\/wp-json\/wp\/v2\/users\/1"}],"replies":[{"embeddable":true,"href":"https:\/\/www.juegdschlass.eu\/en\/wp-json\/wp\/v2\/comments?post=279221"}],"version-history":[{"count":8,"href":"https:\/\/www.juegdschlass.eu\/en\/wp-json\/wp\/v2\/pages\/279221\/revisions"}],"predecessor-version":[{"id":279716,"href":"https:\/\/www.juegdschlass.eu\/en\/wp-json\/wp\/v2\/pages\/279221\/revisions\/279716"}],"wp:attachment":[{"href":"https:\/\/www.juegdschlass.eu\/en\/wp-json\/wp\/v2\/media?parent=279221"}],"wp:term":[{"taxonomy":"difl_page_category","embeddable":true,"href":"https:\/\/www.juegdschlass.eu\/en\/wp-json\/wp\/v2\/difl_page_category?post=279221"}],"curies":[{"name":"wp","href":"https:\/\/api.w.org\/{rel}","templated":true}]}}