{"id":4746,"date":"2024-11-05T21:58:30","date_gmt":"2024-11-05T20:58:30","guid":{"rendered":"https:\/\/www.juegdschlass.eu\/at-bambesch\/"},"modified":"2025-12-17T12:43:09","modified_gmt":"2025-12-17T11:43:09","slug":"at-bambesch","status":"publish","type":"page","link":"https:\/\/www.juegdschlass.eu\/en\/at-bambesch\/","title":{"rendered":"Animals of the &#8216;Bamb\u00ebsch&#8217;"},"content":{"rendered":"<p>[et_pb_section fb_built=&#8221;1&#8243; next_background_color=&#8221;#ffffff&#8221; _builder_version=&#8221;4.27.5&#8243; use_background_color_gradient=&#8221;on&#8221; background_color_gradient_stops=&#8221;rgba(0,0,0,0) 0%|rgba(0,0,0,0.66) 100%&#8221; background_color_gradient_overlays_image=&#8221;on&#8221; background_color_gradient_start=&#8221;rgba(0,0,0,0)&#8221; background_color_gradient_end=&#8221;rgba(0,0,0,0.66)&#8221; background_image=&#8221;https:\/\/www.juegdschlass.eu\/wp-content\/uploads\/2024\/03\/js_home_spring-2021.jpg&#8221; bottom_divider_style=&#8221;arrow3&#8243; bottom_divider_height=&#8221;13px&#8221; bottom_divider_repeat=&#8221;15x&#8221; bottom_divider_repeat_tablet=&#8221;6x&#8221; bottom_divider_repeat_phone=&#8221;5x&#8221; bottom_divider_repeat_last_edited=&#8221;on|phone&#8221; hover_enabled=&#8221;0&#8243; global_colors_info=&#8221;{}&#8221; theme_builder_area=&#8221;post_content&#8221; title_text=&#8221;js_home_spring-2021&#8243; sticky_enabled=&#8221;0&#8243;][et_pb_row _builder_version=&#8221;4.16&#8243; global_colors_info=&#8221;{}&#8221; theme_builder_area=&#8221;post_content&#8221;][et_pb_column type=&#8221;4_4&#8243; _builder_version=&#8221;4.16&#8243; custom_padding=&#8221;|||&#8221; global_colors_info=&#8221;{}&#8221; custom_padding__hover=&#8221;|||&#8221; theme_builder_area=&#8221;post_content&#8221;][et_pb_image src=&#8221;https:\/\/www.juegdschlass.eu\/wp-content\/uploads\/2022\/08\/logo_js_header.png&#8221; title_text=&#8221;logo_js_header&#8221; align=&#8221;center&#8221; align_tablet=&#8221;center&#8221; align_phone=&#8221;&#8221; align_last_edited=&#8221;on|desktop&#8221; _builder_version=&#8221;4.16&#8243; max_width=&#8221;30%&#8221; max_width_tablet=&#8221;45%&#8221; max_width_phone=&#8221;75%&#8221; max_width_last_edited=&#8221;on|phone&#8221; global_colors_info=&#8221;{}&#8221; theme_builder_area=&#8221;post_content&#8221;][\/et_pb_image][et_pb_text _builder_version=&#8221;4.27.5&#8243; text_font=&#8221;||||||||&#8221; header_font=&#8221;|||on|||||&#8221; header_text_align=&#8221;center&#8221; background_layout=&#8221;dark&#8221; hover_enabled=&#8221;0&#8243; global_colors_info=&#8221;{}&#8221; theme_builder_area=&#8221;post_content&#8221; sticky_enabled=&#8221;0&#8243;]<\/p>\n<h1>The forest&#8217;s wildlife<\/h1>\n<p>[\/et_pb_text][\/et_pb_column][\/et_pb_row][\/et_pb_section][et_pb_section fb_built=&#8221;1&#8243; disabled_on=&#8221;off|off|off&#8221; _builder_version=&#8221;4.27.5&#8243; custom_padding=&#8221;||||false|false&#8221; top_divider_height=&#8221;77px&#8221; hover_enabled=&#8221;0&#8243; global_colors_info=&#8221;{}&#8221; custom_margin_last_edited=&#8221;on|desktop&#8221; sticky_enabled=&#8221;0&#8243;][et_pb_row _builder_version=&#8221;4.16&#8243; global_colors_info=&#8221;{}&#8221;][et_pb_column type=&#8221;4_4&#8243; _builder_version=&#8221;4.16&#8243; custom_padding=&#8221;|||&#8221; global_colors_info=&#8221;{}&#8221; custom_padding__hover=&#8221;|||&#8221;][et_pb_text _builder_version=&#8221;4.27.2&#8243; text_font=&#8221;||||||||&#8221; text_font_size=&#8221;17px&#8221; text_orientation=&#8221;center&#8221; global_colors_info=&#8221;{}&#8221;]<\/p>\n<p>The size of the Bamb\u00ebsch and the diversity of its habitats, from the edge of the forest to the depths of the forest, make it a place that offers unique opportunities for observation and sometimes even unexpected encounters with our neighbours, the numerous forest dwellers.<\/p>\n<p>With some background knowledge and a watchful eye, every walk in the forest can be an interesting trip of discovery.<\/p>\n<p>On this page we introduce you to 12 forest dwellers that you might meet in the Bamb\u00ebsch\u2026<\/p>\n<p>[\/et_pb_text][\/et_pb_column][\/et_pb_row][\/et_pb_section][et_pb_section fb_built=&#8221;1&#8243; _builder_version=&#8221;4.16&#8243; custom_padding=&#8221;||80px&#8221; global_colors_info=&#8221;{}&#8221;][et_pb_row _builder_version=&#8221;4.27.4&#8243; _module_preset=&#8221;default&#8221; global_colors_info=&#8221;{}&#8221;][et_pb_column type=&#8221;4_4&#8243; _builder_version=&#8221;4.27.4&#8243; _module_preset=&#8221;default&#8221; global_colors_info=&#8221;{}&#8221;][difl_postgrid posts_number=&#8221;12&#8243; post_display=&#8221;by_category&#8221; include_categories=&#8221;51&#8243; column=&#8221;4&#8243; equal_height=&#8221;on&#8221; column_tablet=&#8221;3&#8243; column_phone=&#8221;1&#8243; column_last_edited=&#8221;on|phone&#8221; _builder_version=&#8221;4.27.5&#8243; _module_preset=&#8221;default&#8221; hover_enabled=&#8221;0&#8243; border_radii_item_outer=&#8221;on|13px|13px|13px|13px&#8221; border_color_all_item_outer=&#8221;#000000&#8243; box_shadow_style_item_outer=&#8221;preset3&#8243; global_colors_info=&#8221;{}&#8221; sticky_enabled=&#8221;0&#8243;][difl_postitem type=&#8221;image&#8221; image_size=&#8221;original&#8221; _builder_version=&#8221;4.27.4&#8243; _module_preset=&#8221;default&#8221; global_colors_info=&#8221;{}&#8221;][\/difl_postitem][difl_postitem type=&#8221;title&#8221; _builder_version=&#8221;4.27.5&#8243; _module_preset=&#8221;default&#8221; post_font_style_font_size=&#8221;18px&#8221; text_orientation=&#8221;center&#8221; hover_enabled=&#8221;0&#8243; global_colors_info=&#8221;{}&#8221; post_font_style_font=&#8221;|||on|||||&#8221; sticky_enabled=&#8221;0&#8243;][\/difl_postitem][\/difl_postgrid][\/et_pb_column][\/et_pb_row][\/et_pb_section]<\/p>\n","protected":false},"excerpt":{"rendered":"<p>The forest&#8217;s wildlifeThe size of the Bamb\u00ebsch and the diversity of its habitats, from the edge of the forest to the depths of the forest, make it a place that offers unique opportunities for observation and sometimes even unexpected encounters with our neighbours, the numerous forest dwellers. With some background knowledge and a watchful eye, [&hellip;]<\/p>\n","protected":false},"author":1,"featured_media":0,"parent":0,"menu_order":0,"comment_status":"closed","ping_status":"closed","template":"","meta":{"_acf_changed":false,"_et_pb_use_builder":"on","_et_pb_old_content":"","_et_gb_content_width":"","footnotes":""},"difl_page_category":[],"class_list":["post-4746","page","type-page","status-publish","hentry"],"acf":[],"yoast_head":"<!-- This site is optimized with the Yoast SEO plugin v27.0 - https:\/\/yoast.com\/product\/yoast-seo-wordpress\/ -->\n<title>Animals of the &#039;Bamb\u00ebsch&#039; - Caf\u00e9 Restaurant Juegdschlass<\/title>\n<meta name=\"robots\" content=\"index, follow, max-snippet:-1, max-image-preview:large, max-video-preview:-1\" \/>\n<link rel=\"canonical\" href=\"https:\/\/www.juegdschlass.eu\/en\/at-bambesch\/\" \/>\n<meta property=\"og:locale\" content=\"en_US\" \/>\n<meta property=\"og:type\" content=\"article\" \/>\n<meta property=\"og:title\" content=\"Animals of the &#039;Bamb\u00ebsch&#039; - Caf\u00e9 Restaurant Juegdschlass\" \/>\n<meta property=\"og:description\" content=\"The forest&#039;s wildlifeThe size of the Bamb\u00ebsch and the diversity of its habitats, from the edge of the forest to the depths of the forest, make it a place that offers unique opportunities for observation and sometimes even unexpected encounters with our neighbours, the numerous forest dwellers. With some background knowledge and a watchful eye, [&hellip;]\" \/>\n<meta property=\"og:url\" content=\"https:\/\/www.juegdschlass.eu\/en\/at-bambesch\/\" \/>\n<meta property=\"og:site_name\" content=\"Caf\u00e9 Restaurant Juegdschlass\" \/>\n<meta property=\"article:modified_time\" content=\"2025-12-17T11:43:09+00:00\" \/>\n<meta name=\"twitter:card\" content=\"summary_large_image\" \/>\n<meta name=\"twitter:label1\" content=\"Est. reading time\" \/>\n\t<meta name=\"twitter:data1\" content=\"3 minutes\" \/>\n<script type=\"application\/ld+json\" class=\"yoast-schema-graph\">{\"@context\":\"https:\/\/schema.org\",\"@graph\":[{\"@type\":\"WebPage\",\"@id\":\"https:\/\/www.juegdschlass.eu\/en\/at-bambesch\/\",\"url\":\"https:\/\/www.juegdschlass.eu\/en\/at-bambesch\/\",\"name\":\"Animals of the 'Bamb\u00ebsch' - Caf\u00e9 Restaurant Juegdschlass\",\"isPartOf\":{\"@id\":\"https:\/\/www.juegdschlass.eu\/#website\"},\"datePublished\":\"2024-11-05T20:58:30+00:00\",\"dateModified\":\"2025-12-17T11:43:09+00:00\",\"breadcrumb\":{\"@id\":\"https:\/\/www.juegdschlass.eu\/en\/at-bambesch\/#breadcrumb\"},\"inLanguage\":\"en-US\",\"potentialAction\":[{\"@type\":\"ReadAction\",\"target\":[\"https:\/\/www.juegdschlass.eu\/en\/at-bambesch\/\"]}]},{\"@type\":\"BreadcrumbList\",\"@id\":\"https:\/\/www.juegdschlass.eu\/en\/at-bambesch\/#breadcrumb\",\"itemListElement\":[{\"@type\":\"ListItem\",\"position\":1,\"name\":\"Home\",\"item\":\"https:\/\/www.juegdschlass.eu\/en\/home\/\"},{\"@type\":\"ListItem\",\"position\":2,\"name\":\"Animals of the &#8216;Bamb\u00ebsch&#8217;\"}]},{\"@type\":\"WebSite\",\"@id\":\"https:\/\/www.juegdschlass.eu\/#website\",\"url\":\"https:\/\/www.juegdschlass.eu\/\",\"name\":\"Caf\u00e9 Restaurant Juegdschlass\",\"description\":\"Eemoleg am Bamb\u00ebsch\",\"publisher\":{\"@id\":\"https:\/\/www.juegdschlass.eu\/#organization\"},\"potentialAction\":[{\"@type\":\"SearchAction\",\"target\":{\"@type\":\"EntryPoint\",\"urlTemplate\":\"https:\/\/www.juegdschlass.eu\/?s={search_term_string}\"},\"query-input\":{\"@type\":\"PropertyValueSpecification\",\"valueRequired\":true,\"valueName\":\"search_term_string\"}}],\"inLanguage\":\"en-US\"},{\"@type\":\"Organization\",\"@id\":\"https:\/\/www.juegdschlass.eu\/#organization\",\"name\":\"Caf\u00e9 Restaurant Juegdschlass\",\"url\":\"https:\/\/www.juegdschlass.eu\/\",\"logo\":{\"@type\":\"ImageObject\",\"inLanguage\":\"en-US\",\"@id\":\"https:\/\/www.juegdschlass.eu\/#\/schema\/logo\/image\/\",\"url\":\"https:\/\/www.juegdschlass.eu\/wp-content\/uploads\/2022\/08\/logo_js_header.png\",\"contentUrl\":\"https:\/\/www.juegdschlass.eu\/wp-content\/uploads\/2022\/08\/logo_js_header.png\",\"width\":500,\"height\":539,\"caption\":\"Caf\u00e9 Restaurant Juegdschlass\"},\"image\":{\"@id\":\"https:\/\/www.juegdschlass.eu\/#\/schema\/logo\/image\/\"}}]}<\/script>\n<!-- \/ Yoast SEO plugin. -->","yoast_head_json":{"title":"Animals of the 'Bamb\u00ebsch' - Caf\u00e9 Restaurant Juegdschlass","robots":{"index":"index","follow":"follow","max-snippet":"max-snippet:-1","max-image-preview":"max-image-preview:large","max-video-preview":"max-video-preview:-1"},"canonical":"https:\/\/www.juegdschlass.eu\/en\/at-bambesch\/","og_locale":"en_US","og_type":"article","og_title":"Animals of the 'Bamb\u00ebsch' - Caf\u00e9 Restaurant Juegdschlass","og_description":"The forest's wildlifeThe size of the Bamb\u00ebsch and the diversity of its habitats, from the edge of the forest to the depths of the forest, make it a place that offers unique opportunities for observation and sometimes even unexpected encounters with our neighbours, the numerous forest dwellers. With some background knowledge and a watchful eye, [&hellip;]","og_url":"https:\/\/www.juegdschlass.eu\/en\/at-bambesch\/","og_site_name":"Caf\u00e9 Restaurant Juegdschlass","article_modified_time":"2025-12-17T11:43:09+00:00","twitter_card":"summary_large_image","twitter_misc":{"Est. reading time":"3 minutes"},"schema":{"@context":"https:\/\/schema.org","@graph":[{"@type":"WebPage","@id":"https:\/\/www.juegdschlass.eu\/en\/at-bambesch\/","url":"https:\/\/www.juegdschlass.eu\/en\/at-bambesch\/","name":"Animals of the 'Bamb\u00ebsch' - Caf\u00e9 Restaurant Juegdschlass","isPartOf":{"@id":"https:\/\/www.juegdschlass.eu\/#website"},"datePublished":"2024-11-05T20:58:30+00:00","dateModified":"2025-12-17T11:43:09+00:00","breadcrumb":{"@id":"https:\/\/www.juegdschlass.eu\/en\/at-bambesch\/#breadcrumb"},"inLanguage":"en-US","potentialAction":[{"@type":"ReadAction","target":["https:\/\/www.juegdschlass.eu\/en\/at-bambesch\/"]}]},{"@type":"BreadcrumbList","@id":"https:\/\/www.juegdschlass.eu\/en\/at-bambesch\/#breadcrumb","itemListElement":[{"@type":"ListItem","position":1,"name":"Home","item":"https:\/\/www.juegdschlass.eu\/en\/home\/"},{"@type":"ListItem","position":2,"name":"Animals of the &#8216;Bamb\u00ebsch&#8217;"}]},{"@type":"WebSite","@id":"https:\/\/www.juegdschlass.eu\/#website","url":"https:\/\/www.juegdschlass.eu\/","name":"Caf\u00e9 Restaurant Juegdschlass","description":"Eemoleg am Bamb\u00ebsch","publisher":{"@id":"https:\/\/www.juegdschlass.eu\/#organization"},"potentialAction":[{"@type":"SearchAction","target":{"@type":"EntryPoint","urlTemplate":"https:\/\/www.juegdschlass.eu\/?s={search_term_string}"},"query-input":{"@type":"PropertyValueSpecification","valueRequired":true,"valueName":"search_term_string"}}],"inLanguage":"en-US"},{"@type":"Organization","@id":"https:\/\/www.juegdschlass.eu\/#organization","name":"Caf\u00e9 Restaurant Juegdschlass","url":"https:\/\/www.juegdschlass.eu\/","logo":{"@type":"ImageObject","inLanguage":"en-US","@id":"https:\/\/www.juegdschlass.eu\/#\/schema\/logo\/image\/","url":"https:\/\/www.juegdschlass.eu\/wp-content\/uploads\/2022\/08\/logo_js_header.png","contentUrl":"https:\/\/www.juegdschlass.eu\/wp-content\/uploads\/2022\/08\/logo_js_header.png","width":500,"height":539,"caption":"Caf\u00e9 Restaurant Juegdschlass"},"image":{"@id":"https:\/\/www.juegdschlass.eu\/#\/schema\/logo\/image\/"}}]}},"_links":{"self":[{"href":"https:\/\/www.juegdschlass.eu\/en\/wp-json\/wp\/v2\/pages\/4746","targetHints":{"allow":["GET"]}}],"collection":[{"href":"https:\/\/www.juegdschlass.eu\/en\/wp-json\/wp\/v2\/pages"}],"about":[{"href":"https:\/\/www.juegdschlass.eu\/en\/wp-json\/wp\/v2\/types\/page"}],"author":[{"embeddable":true,"href":"https:\/\/www.juegdschlass.eu\/en\/wp-json\/wp\/v2\/users\/1"}],"replies":[{"embeddable":true,"href":"https:\/\/www.juegdschlass.eu\/en\/wp-json\/wp\/v2\/comments?post=4746"}],"version-history":[{"count":4,"href":"https:\/\/www.juegdschlass.eu\/en\/wp-json\/wp\/v2\/pages\/4746\/revisions"}],"predecessor-version":[{"id":279697,"href":"https:\/\/www.juegdschlass.eu\/en\/wp-json\/wp\/v2\/pages\/4746\/revisions\/279697"}],"wp:attachment":[{"href":"https:\/\/www.juegdschlass.eu\/en\/wp-json\/wp\/v2\/media?parent=4746"}],"wp:term":[{"taxonomy":"difl_page_category","embeddable":true,"href":"https:\/\/www.juegdschlass.eu\/en\/wp-json\/wp\/v2\/difl_page_category?post=4746"}],"curies":[{"name":"wp","href":"https:\/\/api.w.org\/{rel}","templated":true}]}}