{"id":3862,"date":"2022-08-22T17:46:04","date_gmt":"2022-08-22T15:46:04","guid":{"rendered":"https:\/\/www.juegdschlass.eu\/images\/"},"modified":"2025-12-18T16:16:02","modified_gmt":"2025-12-18T15:16:02","slug":"images","status":"publish","type":"page","link":"https:\/\/www.juegdschlass.eu\/fr\/images\/","title":{"rendered":"Images"},"content":{"rendered":"<p>[et_pb_section fb_built=\u00a0\u00bb1&Prime; next_background_color=\u00a0\u00bb#000000&Prime; _builder_version=\u00a0\u00bb4.27.5&Prime; use_background_color_gradient=\u00a0\u00bbon\u00a0\u00bb background_color_gradient_stops=\u00a0\u00bbrgba(0,0,0,0) 0%|rgba(0,0,0,0.24) 100%\u00a0\u00bb background_color_gradient_overlays_image=\u00a0\u00bbon\u00a0\u00bb background_color_gradient_start=\u00a0\u00bbrgba(0,0,0,0)\u00a0\u00bb background_color_gradient_end=\u00a0\u00bbrgba(0,0,0,0.66)\u00a0\u00bb background_image=\u00a0\u00bbhttps:\/\/www.juegdschlass.eu\/wp-content\/uploads\/2025\/12\/biller_header_10.webp\u00a0\u00bb background_position=\u00a0\u00bbtop_center\u00a0\u00bb background_vertical_offset=\u00a0\u00bb90%\u00a0\u00bb bottom_divider_style=\u00a0\u00bbarrow3&Prime; bottom_divider_height=\u00a0\u00bb13px\u00a0\u00bb bottom_divider_repeat=\u00a0\u00bb15x\u00a0\u00bb bottom_divider_repeat_tablet=\u00a0\u00bb6x\u00a0\u00bb bottom_divider_repeat_phone=\u00a0\u00bb5x\u00a0\u00bb bottom_divider_repeat_last_edited=\u00a0\u00bbon|phone\u00a0\u00bb global_colors_info=\u00a0\u00bb{}\u00a0\u00bb][et_pb_row _builder_version=\u00a0\u00bb4.16&Prime; global_colors_info=\u00a0\u00bb{}\u00a0\u00bb][et_pb_column type=\u00a0\u00bb4_4&Prime; _builder_version=\u00a0\u00bb4.16&Prime; custom_padding=\u00a0\u00bb|||\u00a0\u00bb global_colors_info=\u00a0\u00bb{}\u00a0\u00bb custom_padding__hover=\u00a0\u00bb|||\u00a0\u00bb][et_pb_image src=\u00a0\u00bbhttps:\/\/www.juegdschlass.eu\/wp-content\/uploads\/2022\/08\/logo_js_header.png\u00a0\u00bb title_text=\u00a0\u00bblogo_js_header\u00a0\u00bb align=\u00a0\u00bbcenter\u00a0\u00bb align_tablet=\u00a0\u00bbcenter\u00a0\u00bb align_phone=\u00a0\u00bb\u00a0\u00bb align_last_edited=\u00a0\u00bbon|desktop\u00a0\u00bb _builder_version=\u00a0\u00bb4.16&Prime; max_width=\u00a0\u00bb30%\u00a0\u00bb max_width_tablet=\u00a0\u00bb45%\u00a0\u00bb max_width_phone=\u00a0\u00bb75%\u00a0\u00bb max_width_last_edited=\u00a0\u00bbon|phone\u00a0\u00bb global_colors_info=\u00a0\u00bb{}\u00a0\u00bb][\/et_pb_image][et_pb_text _builder_version=\u00a0\u00bb4.27.5&Prime; text_font=\u00a0\u00bb||||||||\u00a0\u00bb header_font=\u00a0\u00bb|||on|||||\u00a0\u00bb header_text_align=\u00a0\u00bbcenter\u00a0\u00bb background_layout=\u00a0\u00bbdark\u00a0\u00bb global_colors_info=\u00a0\u00bb{}\u00a0\u00bb]<\/p>\n<h1>Notre gallerie d&rsquo;images<\/h1>\n<p>[\/et_pb_text][\/et_pb_column][\/et_pb_row][\/et_pb_section][et_pb_section fb_built=\u00a0\u00bb1&Prime; _builder_version=\u00a0\u00bb4.27.5&Prime; background_color=\u00a0\u00bb#000000&Prime; background_enable_image=\u00a0\u00bboff\u00a0\u00bb global_colors_info=\u00a0\u00bb{}\u00a0\u00bb][et_pb_row column_structure=\u00a0\u00bb1_4,3_4&Prime; _builder_version=\u00a0\u00bb4.27.5&Prime; global_colors_info=\u00a0\u00bb{}\u00a0\u00bb][et_pb_column type=\u00a0\u00bb1_4&Prime; _builder_version=\u00a0\u00bb4.16&Prime; custom_padding=\u00a0\u00bb|||\u00a0\u00bb global_colors_info=\u00a0\u00bb{}\u00a0\u00bb custom_padding__hover=\u00a0\u00bb|||\u00a0\u00bb][et_pb_image src=\u00a0\u00bbhttps:\/\/www.juegdschlass.eu\/wp-content\/uploads\/2025\/12\/photographe.webp\u00a0\u00bb title_text=\u00a0\u00bbphotographe\u00a0\u00bb _builder_version=\u00a0\u00bb4.27.5&Prime; _module_preset=\u00a0\u00bbdefault\u00a0\u00bb custom_margin=\u00a0\u00bb180px|-50px||-185px|false|false\u00a0\u00bb custom_margin_tablet=\u00a0\u00bb150px|||-105px|false|false\u00a0\u00bb custom_margin_phone=\u00a0\u00bb150px|||-105px|false|false\u00a0\u00bb custom_margin_last_edited=\u00a0\u00bbon|desktop\u00a0\u00bb filter_brightness=\u00a0\u00bb160%\u00a0\u00bb global_colors_info=\u00a0\u00bb{}\u00a0\u00bb][\/et_pb_image][\/et_pb_column][et_pb_column type=\u00a0\u00bb3_4&Prime; _builder_version=\u00a0\u00bb4.27.5&Prime; _module_preset=\u00a0\u00bbdefault\u00a0\u00bb global_colors_info=\u00a0\u00bb{}\u00a0\u00bb][et_pb_text _builder_version=\u00a0\u00bb4.27.5&Prime; text_text_color=\u00a0\u00bb#aaaaaa\u00a0\u00bb text_font_size=\u00a0\u00bb16px\u00a0\u00bb global_colors_info=\u00a0\u00bb{}\u00a0\u00bb]<\/p>\n<p>Au \u00ab Juegdschlass \u00bb, il y a beaucoup \u00e0 voir : la diversit\u00e9 de la magnifique nature environnante, la vue spectaculaire sur la vall\u00e9e de l&rsquo;Alzette depuis notre terrasse, ainsi que tous les d\u00e9tails pittoresques de la d\u00e9coration qui rendent le \u00ab Juegdschlass \u00bb unique au Luxembourg.<\/p>\n<p>[\/et_pb_text][et_pb_text _builder_version=\u00a0\u00bb4.27.5&Prime; text_text_color=\u00a0\u00bb#aaaaaa\u00a0\u00bb global_colors_info=\u00a0\u00bb{}\u00a0\u00bb]<\/p>\n<p>Cette page vous propose un avant-go\u00fbt de ce qui vous attend lors de votre visite du \u00ab Juegdschlass \u00bb et de ses environs.<\/p>\n<p>[\/et_pb_text][difl_imagemask _builder_version=\u00a0\u00bb4.27.5&Prime; _module_preset=\u00a0\u00bbdefault\u00a0\u00bb global_colors_info=\u00a0\u00bb{}\u00a0\u00bb][\/difl_imagemask][difl_imagegallery image_size=\u00a0\u00bblarge\u00a0\u00bb use_image_order=\u00a0\u00bbon\u00a0\u00bb use_lightbox=\u00a0\u00bbon\u00a0\u00bb use_lightbox_content=\u00a0\u00bbon\u00a0\u00bb image_scale=\u00a0\u00bbc4-image-pan-down\u00a0\u00bb _builder_version=\u00a0\u00bb4.27.5&Prime; _module_preset=\u00a0\u00bbdefault\u00a0\u00bb global_colors_info=\u00a0\u00bb{}\u00a0\u00bb][difl_imagegalleryitem gallery_title=\u00a0\u00bbJuegdschlass\u00a0\u00bb gallery_ids=\u00a0\u00bb4274,279614,4106,4210,3321,4617&Prime; _builder_version=\u00a0\u00bb4.27.5&Prime; _module_preset=\u00a0\u00bbdefault\u00a0\u00bb global_colors_info=\u00a0\u00bb{}\u00a0\u00bb][\/difl_imagegalleryitem][\/difl_imagegallery][\/et_pb_column][\/et_pb_row][\/et_pb_section]<\/p>\n","protected":false},"excerpt":{"rendered":"<p>Notre gallerie d&rsquo;imagesAu \u00ab Juegdschlass \u00bb, il y a beaucoup \u00e0 voir : la diversit\u00e9 de la magnifique nature environnante, la vue spectaculaire sur la vall\u00e9e de l&rsquo;Alzette depuis notre terrasse, ainsi que tous les d\u00e9tails pittoresques de la d\u00e9coration qui rendent le \u00ab Juegdschlass \u00bb unique au Luxembourg.Cette page vous propose un avant-go\u00fbt de [&hellip;]<\/p>\n","protected":false},"author":1,"featured_media":0,"parent":0,"menu_order":0,"comment_status":"closed","ping_status":"closed","template":"","meta":{"_acf_changed":false,"_et_pb_use_builder":"on","_et_pb_old_content":"","_et_gb_content_width":"","footnotes":""},"difl_page_category":[],"class_list":["post-3862","page","type-page","status-publish","hentry"],"acf":[],"yoast_head":"<!-- This site is optimized with the Yoast SEO plugin v27.0 - https:\/\/yoast.com\/product\/yoast-seo-wordpress\/ -->\n<title>Images - Caf\u00e9 Restaurant Juegdschlass<\/title>\n<meta name=\"robots\" content=\"index, follow, max-snippet:-1, max-image-preview:large, max-video-preview:-1\" \/>\n<link rel=\"canonical\" href=\"https:\/\/www.juegdschlass.eu\/fr\/images\/\" \/>\n<meta property=\"og:locale\" content=\"fr_FR\" \/>\n<meta property=\"og:type\" content=\"article\" \/>\n<meta property=\"og:title\" content=\"Images - Caf\u00e9 Restaurant Juegdschlass\" \/>\n<meta property=\"og:description\" content=\"Notre gallerie d&#039;imagesAu \u00ab Juegdschlass \u00bb, il y a beaucoup \u00e0 voir : la diversit\u00e9 de la magnifique nature environnante, la vue spectaculaire sur la vall\u00e9e de l&#039;Alzette depuis notre terrasse, ainsi que tous les d\u00e9tails pittoresques de la d\u00e9coration qui rendent le \u00ab Juegdschlass \u00bb unique au Luxembourg.Cette page vous propose un avant-go\u00fbt de [&hellip;]\" \/>\n<meta property=\"og:url\" content=\"https:\/\/www.juegdschlass.eu\/fr\/images\/\" \/>\n<meta property=\"og:site_name\" content=\"Caf\u00e9 Restaurant Juegdschlass\" \/>\n<meta property=\"article:modified_time\" content=\"2025-12-18T15:16:02+00:00\" \/>\n<meta name=\"twitter:card\" content=\"summary_large_image\" \/>\n<meta name=\"twitter:label1\" content=\"Dur\u00e9e de lecture estim\u00e9e\" \/>\n\t<meta name=\"twitter:data1\" content=\"2 minutes\" \/>\n<script type=\"application\/ld+json\" class=\"yoast-schema-graph\">{\"@context\":\"https:\/\/schema.org\",\"@graph\":[{\"@type\":\"WebPage\",\"@id\":\"https:\/\/www.juegdschlass.eu\/fr\/images\/\",\"url\":\"https:\/\/www.juegdschlass.eu\/fr\/images\/\",\"name\":\"Images - Caf\u00e9 Restaurant Juegdschlass\",\"isPartOf\":{\"@id\":\"https:\/\/www.juegdschlass.eu\/#website\"},\"datePublished\":\"2022-08-22T15:46:04+00:00\",\"dateModified\":\"2025-12-18T15:16:02+00:00\",\"breadcrumb\":{\"@id\":\"https:\/\/www.juegdschlass.eu\/fr\/images\/#breadcrumb\"},\"inLanguage\":\"fr-FR\",\"potentialAction\":[{\"@type\":\"ReadAction\",\"target\":[\"https:\/\/www.juegdschlass.eu\/fr\/images\/\"]}]},{\"@type\":\"BreadcrumbList\",\"@id\":\"https:\/\/www.juegdschlass.eu\/fr\/images\/#breadcrumb\",\"itemListElement\":[{\"@type\":\"ListItem\",\"position\":1,\"name\":\"Home\",\"item\":\"https:\/\/www.juegdschlass.eu\/\"},{\"@type\":\"ListItem\",\"position\":2,\"name\":\"Images\"}]},{\"@type\":\"WebSite\",\"@id\":\"https:\/\/www.juegdschlass.eu\/#website\",\"url\":\"https:\/\/www.juegdschlass.eu\/\",\"name\":\"Caf\u00e9 Restaurant Juegdschlass\",\"description\":\"Eemoleg am Bamb\u00ebsch\",\"publisher\":{\"@id\":\"https:\/\/www.juegdschlass.eu\/#organization\"},\"potentialAction\":[{\"@type\":\"SearchAction\",\"target\":{\"@type\":\"EntryPoint\",\"urlTemplate\":\"https:\/\/www.juegdschlass.eu\/?s={search_term_string}\"},\"query-input\":{\"@type\":\"PropertyValueSpecification\",\"valueRequired\":true,\"valueName\":\"search_term_string\"}}],\"inLanguage\":\"fr-FR\"},{\"@type\":\"Organization\",\"@id\":\"https:\/\/www.juegdschlass.eu\/#organization\",\"name\":\"Caf\u00e9 Restaurant Juegdschlass\",\"url\":\"https:\/\/www.juegdschlass.eu\/\",\"logo\":{\"@type\":\"ImageObject\",\"inLanguage\":\"fr-FR\",\"@id\":\"https:\/\/www.juegdschlass.eu\/#\/schema\/logo\/image\/\",\"url\":\"https:\/\/www.juegdschlass.eu\/wp-content\/uploads\/2022\/08\/logo_js_header.png\",\"contentUrl\":\"https:\/\/www.juegdschlass.eu\/wp-content\/uploads\/2022\/08\/logo_js_header.png\",\"width\":500,\"height\":539,\"caption\":\"Caf\u00e9 Restaurant Juegdschlass\"},\"image\":{\"@id\":\"https:\/\/www.juegdschlass.eu\/#\/schema\/logo\/image\/\"}}]}<\/script>\n<!-- \/ Yoast SEO plugin. -->","yoast_head_json":{"title":"Images - Caf\u00e9 Restaurant Juegdschlass","robots":{"index":"index","follow":"follow","max-snippet":"max-snippet:-1","max-image-preview":"max-image-preview:large","max-video-preview":"max-video-preview:-1"},"canonical":"https:\/\/www.juegdschlass.eu\/fr\/images\/","og_locale":"fr_FR","og_type":"article","og_title":"Images - Caf\u00e9 Restaurant Juegdschlass","og_description":"Notre gallerie d'imagesAu \u00ab Juegdschlass \u00bb, il y a beaucoup \u00e0 voir : la diversit\u00e9 de la magnifique nature environnante, la vue spectaculaire sur la vall\u00e9e de l'Alzette depuis notre terrasse, ainsi que tous les d\u00e9tails pittoresques de la d\u00e9coration qui rendent le \u00ab Juegdschlass \u00bb unique au Luxembourg.Cette page vous propose un avant-go\u00fbt de [&hellip;]","og_url":"https:\/\/www.juegdschlass.eu\/fr\/images\/","og_site_name":"Caf\u00e9 Restaurant Juegdschlass","article_modified_time":"2025-12-18T15:16:02+00:00","twitter_card":"summary_large_image","twitter_misc":{"Dur\u00e9e de lecture estim\u00e9e":"2 minutes"},"schema":{"@context":"https:\/\/schema.org","@graph":[{"@type":"WebPage","@id":"https:\/\/www.juegdschlass.eu\/fr\/images\/","url":"https:\/\/www.juegdschlass.eu\/fr\/images\/","name":"Images - Caf\u00e9 Restaurant Juegdschlass","isPartOf":{"@id":"https:\/\/www.juegdschlass.eu\/#website"},"datePublished":"2022-08-22T15:46:04+00:00","dateModified":"2025-12-18T15:16:02+00:00","breadcrumb":{"@id":"https:\/\/www.juegdschlass.eu\/fr\/images\/#breadcrumb"},"inLanguage":"fr-FR","potentialAction":[{"@type":"ReadAction","target":["https:\/\/www.juegdschlass.eu\/fr\/images\/"]}]},{"@type":"BreadcrumbList","@id":"https:\/\/www.juegdschlass.eu\/fr\/images\/#breadcrumb","itemListElement":[{"@type":"ListItem","position":1,"name":"Home","item":"https:\/\/www.juegdschlass.eu\/"},{"@type":"ListItem","position":2,"name":"Images"}]},{"@type":"WebSite","@id":"https:\/\/www.juegdschlass.eu\/#website","url":"https:\/\/www.juegdschlass.eu\/","name":"Caf\u00e9 Restaurant Juegdschlass","description":"Eemoleg am Bamb\u00ebsch","publisher":{"@id":"https:\/\/www.juegdschlass.eu\/#organization"},"potentialAction":[{"@type":"SearchAction","target":{"@type":"EntryPoint","urlTemplate":"https:\/\/www.juegdschlass.eu\/?s={search_term_string}"},"query-input":{"@type":"PropertyValueSpecification","valueRequired":true,"valueName":"search_term_string"}}],"inLanguage":"fr-FR"},{"@type":"Organization","@id":"https:\/\/www.juegdschlass.eu\/#organization","name":"Caf\u00e9 Restaurant Juegdschlass","url":"https:\/\/www.juegdschlass.eu\/","logo":{"@type":"ImageObject","inLanguage":"fr-FR","@id":"https:\/\/www.juegdschlass.eu\/#\/schema\/logo\/image\/","url":"https:\/\/www.juegdschlass.eu\/wp-content\/uploads\/2022\/08\/logo_js_header.png","contentUrl":"https:\/\/www.juegdschlass.eu\/wp-content\/uploads\/2022\/08\/logo_js_header.png","width":500,"height":539,"caption":"Caf\u00e9 Restaurant Juegdschlass"},"image":{"@id":"https:\/\/www.juegdschlass.eu\/#\/schema\/logo\/image\/"}}]}},"_links":{"self":[{"href":"https:\/\/www.juegdschlass.eu\/fr\/wp-json\/wp\/v2\/pages\/3862","targetHints":{"allow":["GET"]}}],"collection":[{"href":"https:\/\/www.juegdschlass.eu\/fr\/wp-json\/wp\/v2\/pages"}],"about":[{"href":"https:\/\/www.juegdschlass.eu\/fr\/wp-json\/wp\/v2\/types\/page"}],"author":[{"embeddable":true,"href":"https:\/\/www.juegdschlass.eu\/fr\/wp-json\/wp\/v2\/users\/1"}],"replies":[{"embeddable":true,"href":"https:\/\/www.juegdschlass.eu\/fr\/wp-json\/wp\/v2\/comments?post=3862"}],"version-history":[{"count":19,"href":"https:\/\/www.juegdschlass.eu\/fr\/wp-json\/wp\/v2\/pages\/3862\/revisions"}],"predecessor-version":[{"id":279857,"href":"https:\/\/www.juegdschlass.eu\/fr\/wp-json\/wp\/v2\/pages\/3862\/revisions\/279857"}],"wp:attachment":[{"href":"https:\/\/www.juegdschlass.eu\/fr\/wp-json\/wp\/v2\/media?parent=3862"}],"wp:term":[{"taxonomy":"difl_page_category","embeddable":true,"href":"https:\/\/www.juegdschlass.eu\/fr\/wp-json\/wp\/v2\/difl_page_category?post=3862"}],"curies":[{"name":"wp","href":"https:\/\/api.w.org\/{rel}","templated":true}]}}