{"id":4591,"date":"2024-11-05T21:58:30","date_gmt":"2024-11-05T20:58:30","guid":{"rendered":"https:\/\/www.juegdschlass.eu\/au-bambesch\/"},"modified":"2025-12-17T12:41:52","modified_gmt":"2025-12-17T11:41:52","slug":"au-bambesch","status":"publish","type":"page","link":"https:\/\/www.juegdschlass.eu\/fr\/au-bambesch\/","title":{"rendered":"La faune du \u00ab Bamb\u00ebsch \u00bb"},"content":{"rendered":"<p>[et_pb_section fb_built=\u00a0\u00bb1&Prime; next_background_color=\u00a0\u00bb#ffffff\u00a0\u00bb _builder_version=\u00a0\u00bb4.27.5&Prime; use_background_color_gradient=\u00a0\u00bbon\u00a0\u00bb background_color_gradient_stops=\u00a0\u00bbrgba(0,0,0,0) 0%|rgba(0,0,0,0.66) 100%\u00a0\u00bb background_color_gradient_overlays_image=\u00a0\u00bbon\u00a0\u00bb background_color_gradient_start=\u00a0\u00bbrgba(0,0,0,0)\u00a0\u00bb background_color_gradient_end=\u00a0\u00bbrgba(0,0,0,0.66)\u00a0\u00bb background_image=\u00a0\u00bbhttps:\/\/www.juegdschlass.eu\/wp-content\/uploads\/2024\/03\/js_home_spring-2021.jpg\u00a0\u00bb bottom_divider_style=\u00a0\u00bbarrow3&Prime; bottom_divider_height=\u00a0\u00bb13px\u00a0\u00bb bottom_divider_repeat=\u00a0\u00bb15x\u00a0\u00bb bottom_divider_repeat_tablet=\u00a0\u00bb6x\u00a0\u00bb bottom_divider_repeat_phone=\u00a0\u00bb5x\u00a0\u00bb bottom_divider_repeat_last_edited=\u00a0\u00bbon|phone\u00a0\u00bb hover_enabled=\u00a0\u00bb0&Prime; global_colors_info=\u00a0\u00bb{}\u00a0\u00bb theme_builder_area=\u00a0\u00bbpost_content\u00a0\u00bb title_text=\u00a0\u00bbjs_home_spring-2021&Prime; sticky_enabled=\u00a0\u00bb0&Prime;][et_pb_row _builder_version=\u00a0\u00bb4.16&Prime; global_colors_info=\u00a0\u00bb{}\u00a0\u00bb theme_builder_area=\u00a0\u00bbpost_content\u00a0\u00bb][et_pb_column type=\u00a0\u00bb4_4&Prime; _builder_version=\u00a0\u00bb4.16&Prime; custom_padding=\u00a0\u00bb|||\u00a0\u00bb global_colors_info=\u00a0\u00bb{}\u00a0\u00bb custom_padding__hover=\u00a0\u00bb|||\u00a0\u00bb theme_builder_area=\u00a0\u00bbpost_content\u00a0\u00bb][et_pb_image src=\u00a0\u00bbhttps:\/\/www.juegdschlass.eu\/wp-content\/uploads\/2022\/08\/logo_js_header.png\u00a0\u00bb title_text=\u00a0\u00bblogo_js_header\u00a0\u00bb align=\u00a0\u00bbcenter\u00a0\u00bb align_tablet=\u00a0\u00bbcenter\u00a0\u00bb align_phone=\u00a0\u00bb\u00a0\u00bb align_last_edited=\u00a0\u00bbon|desktop\u00a0\u00bb _builder_version=\u00a0\u00bb4.16&Prime; max_width=\u00a0\u00bb30%\u00a0\u00bb max_width_tablet=\u00a0\u00bb45%\u00a0\u00bb max_width_phone=\u00a0\u00bb75%\u00a0\u00bb max_width_last_edited=\u00a0\u00bbon|phone\u00a0\u00bb global_colors_info=\u00a0\u00bb{}\u00a0\u00bb theme_builder_area=\u00a0\u00bbpost_content\u00a0\u00bb][\/et_pb_image][et_pb_text _builder_version=\u00a0\u00bb4.27.5&Prime; text_font=\u00a0\u00bb||||||||\u00a0\u00bb header_font=\u00a0\u00bb|||on|||||\u00a0\u00bb header_text_align=\u00a0\u00bbcenter\u00a0\u00bb background_layout=\u00a0\u00bbdark\u00a0\u00bb hover_enabled=\u00a0\u00bb0&Prime; global_colors_info=\u00a0\u00bb{}\u00a0\u00bb theme_builder_area=\u00a0\u00bbpost_content\u00a0\u00bb sticky_enabled=\u00a0\u00bb0&Prime;]<\/p>\n<h1>Les habitants de la for\u00eat<\/h1>\n<p>[\/et_pb_text][\/et_pb_column][\/et_pb_row][\/et_pb_section][et_pb_section fb_built=\u00a0\u00bb1&Prime; disabled_on=\u00a0\u00bboff|off|off\u00a0\u00bb _builder_version=\u00a0\u00bb4.27.5&Prime; custom_padding=\u00a0\u00bb||||false|false\u00a0\u00bb top_divider_height=\u00a0\u00bb77px\u00a0\u00bb hover_enabled=\u00a0\u00bb0&Prime; global_colors_info=\u00a0\u00bb{}\u00a0\u00bb custom_margin_last_edited=\u00a0\u00bbon|desktop\u00a0\u00bb sticky_enabled=\u00a0\u00bb0&Prime;][et_pb_row _builder_version=\u00a0\u00bb4.16&Prime; global_colors_info=\u00a0\u00bb{}\u00a0\u00bb][et_pb_column type=\u00a0\u00bb4_4&Prime; _builder_version=\u00a0\u00bb4.16&Prime; custom_padding=\u00a0\u00bb|||\u00a0\u00bb global_colors_info=\u00a0\u00bb{}\u00a0\u00bb custom_padding__hover=\u00a0\u00bb|||\u00a0\u00bb][et_pb_text _builder_version=\u00a0\u00bb4.27.2&Prime; text_font=\u00a0\u00bb||||||||\u00a0\u00bb text_font_size=\u00a0\u00bb17px\u00a0\u00bb text_orientation=\u00a0\u00bbcenter\u00a0\u00bb global_colors_info=\u00a0\u00bb{}\u00a0\u00bb]<\/p>\n<p>Son \u00e9tendue et la diversit\u00e9 des diff\u00e9rents habitats, de la lisi\u00e8re \u00e0 l&rsquo;int\u00e9rieur de la for\u00eat, font du Bamb\u00ebsch un lieu qui permet des observations uniques et des rencontres parfois inattendues avec nos voisins, les nombreux habitants de la for\u00eat.<\/p>\n<p>Avec quelques connaissances de base et un \u0153il attentif, chaque promenade en for\u00eat peut se transformer en un parcours de d\u00e9couverte int\u00e9ressant.<\/p>\n<p>Sur cette page, nous vous pr\u00e9sentons 12 habitants de la for\u00eat que vous pourriez \u00e9ventuellement croiser au Bamb\u00ebsch.<\/p>\n<p>[\/et_pb_text][\/et_pb_column][\/et_pb_row][\/et_pb_section][et_pb_section fb_built=\u00a0\u00bb1&Prime; _builder_version=\u00a0\u00bb4.16&Prime; custom_padding=\u00a0\u00bb||80px\u00a0\u00bb global_colors_info=\u00a0\u00bb{}\u00a0\u00bb][et_pb_row _builder_version=\u00a0\u00bb4.27.4&Prime; _module_preset=\u00a0\u00bbdefault\u00a0\u00bb global_colors_info=\u00a0\u00bb{}\u00a0\u00bb][et_pb_column type=\u00a0\u00bb4_4&Prime; _builder_version=\u00a0\u00bb4.27.4&Prime; _module_preset=\u00a0\u00bbdefault\u00a0\u00bb global_colors_info=\u00a0\u00bb{}\u00a0\u00bb][difl_postgrid posts_number=\u00a0\u00bb12&Prime; post_display=\u00a0\u00bbby_category\u00a0\u00bb include_categories=\u00a0\u00bb51&Prime; column=\u00a0\u00bb4&Prime; equal_height=\u00a0\u00bbon\u00a0\u00bb column_tablet=\u00a0\u00bb3&Prime; column_phone=\u00a0\u00bb1&Prime; column_last_edited=\u00a0\u00bbon|phone\u00a0\u00bb _builder_version=\u00a0\u00bb4.27.5&Prime; _module_preset=\u00a0\u00bbdefault\u00a0\u00bb hover_enabled=\u00a0\u00bb0&Prime; border_radii_item_outer=\u00a0\u00bbon|13px|13px|13px|13px\u00a0\u00bb border_color_all_item_outer=\u00a0\u00bb#000000&Prime; box_shadow_style_item_outer=\u00a0\u00bbpreset3&Prime; global_colors_info=\u00a0\u00bb{}\u00a0\u00bb sticky_enabled=\u00a0\u00bb0&Prime;][difl_postitem type=\u00a0\u00bbimage\u00a0\u00bb image_size=\u00a0\u00bboriginal\u00a0\u00bb _builder_version=\u00a0\u00bb4.27.4&Prime; _module_preset=\u00a0\u00bbdefault\u00a0\u00bb global_colors_info=\u00a0\u00bb{}\u00a0\u00bb][\/difl_postitem][difl_postitem type=\u00a0\u00bbtitle\u00a0\u00bb _builder_version=\u00a0\u00bb4.27.5&Prime; _module_preset=\u00a0\u00bbdefault\u00a0\u00bb post_font_style_font_size=\u00a0\u00bb18px\u00a0\u00bb text_orientation=\u00a0\u00bbcenter\u00a0\u00bb hover_enabled=\u00a0\u00bb0&Prime; global_colors_info=\u00a0\u00bb{}\u00a0\u00bb post_font_style_font=\u00a0\u00bb|||on|||||\u00a0\u00bb sticky_enabled=\u00a0\u00bb0&Prime;][\/difl_postitem][\/difl_postgrid][\/et_pb_column][\/et_pb_row][\/et_pb_section]<\/p>\n","protected":false},"excerpt":{"rendered":"<p>Les habitants de la for\u00eatSon \u00e9tendue et la diversit\u00e9 des diff\u00e9rents habitats, de la lisi\u00e8re \u00e0 l&rsquo;int\u00e9rieur de la for\u00eat, font du Bamb\u00ebsch un lieu qui permet des observations uniques et des rencontres parfois inattendues avec nos voisins, les nombreux habitants de la for\u00eat. Avec quelques connaissances de base et un \u0153il attentif, chaque promenade [&hellip;]<\/p>\n","protected":false},"author":1,"featured_media":0,"parent":0,"menu_order":0,"comment_status":"closed","ping_status":"closed","template":"","meta":{"_acf_changed":false,"_et_pb_use_builder":"on","_et_pb_old_content":"","_et_gb_content_width":"","footnotes":""},"difl_page_category":[],"class_list":["post-4591","page","type-page","status-publish","hentry"],"acf":[],"yoast_head":"<!-- This site is optimized with the Yoast SEO plugin v27.0 - https:\/\/yoast.com\/product\/yoast-seo-wordpress\/ -->\n<title>La faune du \u00ab Bamb\u00ebsch \u00bb - Caf\u00e9 Restaurant Juegdschlass<\/title>\n<meta name=\"robots\" content=\"index, follow, max-snippet:-1, max-image-preview:large, max-video-preview:-1\" \/>\n<link rel=\"canonical\" href=\"https:\/\/www.juegdschlass.eu\/fr\/au-bambesch\/\" \/>\n<meta property=\"og:locale\" content=\"fr_FR\" \/>\n<meta property=\"og:type\" content=\"article\" \/>\n<meta property=\"og:title\" content=\"La faune du \u00ab Bamb\u00ebsch \u00bb - Caf\u00e9 Restaurant Juegdschlass\" \/>\n<meta property=\"og:description\" content=\"Les habitants de la for\u00eatSon \u00e9tendue et la diversit\u00e9 des diff\u00e9rents habitats, de la lisi\u00e8re \u00e0 l&#039;int\u00e9rieur de la for\u00eat, font du Bamb\u00ebsch un lieu qui permet des observations uniques et des rencontres parfois inattendues avec nos voisins, les nombreux habitants de la for\u00eat. Avec quelques connaissances de base et un \u0153il attentif, chaque promenade [&hellip;]\" \/>\n<meta property=\"og:url\" content=\"https:\/\/www.juegdschlass.eu\/fr\/au-bambesch\/\" \/>\n<meta property=\"og:site_name\" content=\"Caf\u00e9 Restaurant Juegdschlass\" \/>\n<meta property=\"article:modified_time\" content=\"2025-12-17T11:41:52+00:00\" \/>\n<meta name=\"twitter:card\" content=\"summary_large_image\" \/>\n<meta name=\"twitter:label1\" content=\"Dur\u00e9e de lecture estim\u00e9e\" \/>\n\t<meta name=\"twitter:data1\" content=\"3 minutes\" \/>\n<script type=\"application\/ld+json\" class=\"yoast-schema-graph\">{\"@context\":\"https:\/\/schema.org\",\"@graph\":[{\"@type\":\"WebPage\",\"@id\":\"https:\/\/www.juegdschlass.eu\/fr\/au-bambesch\/\",\"url\":\"https:\/\/www.juegdschlass.eu\/fr\/au-bambesch\/\",\"name\":\"La faune du \u00ab Bamb\u00ebsch \u00bb - Caf\u00e9 Restaurant Juegdschlass\",\"isPartOf\":{\"@id\":\"https:\/\/www.juegdschlass.eu\/#website\"},\"datePublished\":\"2024-11-05T20:58:30+00:00\",\"dateModified\":\"2025-12-17T11:41:52+00:00\",\"breadcrumb\":{\"@id\":\"https:\/\/www.juegdschlass.eu\/fr\/au-bambesch\/#breadcrumb\"},\"inLanguage\":\"fr-FR\",\"potentialAction\":[{\"@type\":\"ReadAction\",\"target\":[\"https:\/\/www.juegdschlass.eu\/fr\/au-bambesch\/\"]}]},{\"@type\":\"BreadcrumbList\",\"@id\":\"https:\/\/www.juegdschlass.eu\/fr\/au-bambesch\/#breadcrumb\",\"itemListElement\":[{\"@type\":\"ListItem\",\"position\":1,\"name\":\"Home\",\"item\":\"https:\/\/www.juegdschlass.eu\/\"},{\"@type\":\"ListItem\",\"position\":2,\"name\":\"La faune du \u00ab Bamb\u00ebsch \u00bb\"}]},{\"@type\":\"WebSite\",\"@id\":\"https:\/\/www.juegdschlass.eu\/#website\",\"url\":\"https:\/\/www.juegdschlass.eu\/\",\"name\":\"Caf\u00e9 Restaurant Juegdschlass\",\"description\":\"Eemoleg am Bamb\u00ebsch\",\"publisher\":{\"@id\":\"https:\/\/www.juegdschlass.eu\/#organization\"},\"potentialAction\":[{\"@type\":\"SearchAction\",\"target\":{\"@type\":\"EntryPoint\",\"urlTemplate\":\"https:\/\/www.juegdschlass.eu\/?s={search_term_string}\"},\"query-input\":{\"@type\":\"PropertyValueSpecification\",\"valueRequired\":true,\"valueName\":\"search_term_string\"}}],\"inLanguage\":\"fr-FR\"},{\"@type\":\"Organization\",\"@id\":\"https:\/\/www.juegdschlass.eu\/#organization\",\"name\":\"Caf\u00e9 Restaurant Juegdschlass\",\"url\":\"https:\/\/www.juegdschlass.eu\/\",\"logo\":{\"@type\":\"ImageObject\",\"inLanguage\":\"fr-FR\",\"@id\":\"https:\/\/www.juegdschlass.eu\/#\/schema\/logo\/image\/\",\"url\":\"https:\/\/www.juegdschlass.eu\/wp-content\/uploads\/2022\/08\/logo_js_header.png\",\"contentUrl\":\"https:\/\/www.juegdschlass.eu\/wp-content\/uploads\/2022\/08\/logo_js_header.png\",\"width\":500,\"height\":539,\"caption\":\"Caf\u00e9 Restaurant Juegdschlass\"},\"image\":{\"@id\":\"https:\/\/www.juegdschlass.eu\/#\/schema\/logo\/image\/\"}}]}<\/script>\n<!-- \/ Yoast SEO plugin. -->","yoast_head_json":{"title":"La faune du \u00ab Bamb\u00ebsch \u00bb - Caf\u00e9 Restaurant Juegdschlass","robots":{"index":"index","follow":"follow","max-snippet":"max-snippet:-1","max-image-preview":"max-image-preview:large","max-video-preview":"max-video-preview:-1"},"canonical":"https:\/\/www.juegdschlass.eu\/fr\/au-bambesch\/","og_locale":"fr_FR","og_type":"article","og_title":"La faune du \u00ab Bamb\u00ebsch \u00bb - Caf\u00e9 Restaurant Juegdschlass","og_description":"Les habitants de la for\u00eatSon \u00e9tendue et la diversit\u00e9 des diff\u00e9rents habitats, de la lisi\u00e8re \u00e0 l'int\u00e9rieur de la for\u00eat, font du Bamb\u00ebsch un lieu qui permet des observations uniques et des rencontres parfois inattendues avec nos voisins, les nombreux habitants de la for\u00eat. Avec quelques connaissances de base et un \u0153il attentif, chaque promenade [&hellip;]","og_url":"https:\/\/www.juegdschlass.eu\/fr\/au-bambesch\/","og_site_name":"Caf\u00e9 Restaurant Juegdschlass","article_modified_time":"2025-12-17T11:41:52+00:00","twitter_card":"summary_large_image","twitter_misc":{"Dur\u00e9e de lecture estim\u00e9e":"3 minutes"},"schema":{"@context":"https:\/\/schema.org","@graph":[{"@type":"WebPage","@id":"https:\/\/www.juegdschlass.eu\/fr\/au-bambesch\/","url":"https:\/\/www.juegdschlass.eu\/fr\/au-bambesch\/","name":"La faune du \u00ab Bamb\u00ebsch \u00bb - Caf\u00e9 Restaurant Juegdschlass","isPartOf":{"@id":"https:\/\/www.juegdschlass.eu\/#website"},"datePublished":"2024-11-05T20:58:30+00:00","dateModified":"2025-12-17T11:41:52+00:00","breadcrumb":{"@id":"https:\/\/www.juegdschlass.eu\/fr\/au-bambesch\/#breadcrumb"},"inLanguage":"fr-FR","potentialAction":[{"@type":"ReadAction","target":["https:\/\/www.juegdschlass.eu\/fr\/au-bambesch\/"]}]},{"@type":"BreadcrumbList","@id":"https:\/\/www.juegdschlass.eu\/fr\/au-bambesch\/#breadcrumb","itemListElement":[{"@type":"ListItem","position":1,"name":"Home","item":"https:\/\/www.juegdschlass.eu\/"},{"@type":"ListItem","position":2,"name":"La faune du \u00ab Bamb\u00ebsch \u00bb"}]},{"@type":"WebSite","@id":"https:\/\/www.juegdschlass.eu\/#website","url":"https:\/\/www.juegdschlass.eu\/","name":"Caf\u00e9 Restaurant Juegdschlass","description":"Eemoleg am Bamb\u00ebsch","publisher":{"@id":"https:\/\/www.juegdschlass.eu\/#organization"},"potentialAction":[{"@type":"SearchAction","target":{"@type":"EntryPoint","urlTemplate":"https:\/\/www.juegdschlass.eu\/?s={search_term_string}"},"query-input":{"@type":"PropertyValueSpecification","valueRequired":true,"valueName":"search_term_string"}}],"inLanguage":"fr-FR"},{"@type":"Organization","@id":"https:\/\/www.juegdschlass.eu\/#organization","name":"Caf\u00e9 Restaurant Juegdschlass","url":"https:\/\/www.juegdschlass.eu\/","logo":{"@type":"ImageObject","inLanguage":"fr-FR","@id":"https:\/\/www.juegdschlass.eu\/#\/schema\/logo\/image\/","url":"https:\/\/www.juegdschlass.eu\/wp-content\/uploads\/2022\/08\/logo_js_header.png","contentUrl":"https:\/\/www.juegdschlass.eu\/wp-content\/uploads\/2022\/08\/logo_js_header.png","width":500,"height":539,"caption":"Caf\u00e9 Restaurant Juegdschlass"},"image":{"@id":"https:\/\/www.juegdschlass.eu\/#\/schema\/logo\/image\/"}}]}},"_links":{"self":[{"href":"https:\/\/www.juegdschlass.eu\/fr\/wp-json\/wp\/v2\/pages\/4591","targetHints":{"allow":["GET"]}}],"collection":[{"href":"https:\/\/www.juegdschlass.eu\/fr\/wp-json\/wp\/v2\/pages"}],"about":[{"href":"https:\/\/www.juegdschlass.eu\/fr\/wp-json\/wp\/v2\/types\/page"}],"author":[{"embeddable":true,"href":"https:\/\/www.juegdschlass.eu\/fr\/wp-json\/wp\/v2\/users\/1"}],"replies":[{"embeddable":true,"href":"https:\/\/www.juegdschlass.eu\/fr\/wp-json\/wp\/v2\/comments?post=4591"}],"version-history":[{"count":4,"href":"https:\/\/www.juegdschlass.eu\/fr\/wp-json\/wp\/v2\/pages\/4591\/revisions"}],"predecessor-version":[{"id":279695,"href":"https:\/\/www.juegdschlass.eu\/fr\/wp-json\/wp\/v2\/pages\/4591\/revisions\/279695"}],"wp:attachment":[{"href":"https:\/\/www.juegdschlass.eu\/fr\/wp-json\/wp\/v2\/media?parent=4591"}],"wp:term":[{"taxonomy":"difl_page_category","embeddable":true,"href":"https:\/\/www.juegdschlass.eu\/fr\/wp-json\/wp\/v2\/difl_page_category?post=4591"}],"curies":[{"name":"wp","href":"https:\/\/api.w.org\/{rel}","templated":true}]}}